{"id":13557,"date":"2024-01-31T23:38:46","date_gmt":"2024-01-31T22:38:46","guid":{"rendered":"https:\/\/www.esmgquadrivium.nl\/?page_id=13557"},"modified":"2024-01-31T23:38:46","modified_gmt":"2024-01-31T22:38:46","slug":"informatieformulier","status":"publish","type":"page","link":"https:\/\/www.esmgquadrivium.nl\/en\/informatieformulier\/","title":{"rendered":"Information Form"},"content":{"rendered":"<div class=\"wpforms-container wpforms-container-full wpforms-block wpforms-block-1a4cd1ca-3e2a-483b-9d12-1cce6a4159dd wpforms-render-modern\" id=\"wpforms-13537\"><form id=\"wpforms-form-13537\" class=\"wpforms-validate wpforms-form wpforms-ajax-form\" data-formid=\"13537\" method=\"post\" enctype=\"multipart\/form-data\" action=\"\/en\/wp-json\/wp\/v2\/pages\/13557\" data-token=\"99d94ace29ec01fbe7d8c07637ed005d\" data-token-time=\"1776207116\"><div class=\"wpforms-head-container\"><div class=\"wpforms-description\">Leuk dat je interesse hebt om lid te worden van Quadrivium, de studentenmuziekvereniging!\r\n\r\nAls je nog niet zeker weet of je lid wil worden, vul dan dit formulier in, dan nemen wij contact met je op. Als je al weet dat je ge\u00efnteresseerd bent in \u00e9\u00e9n of meerdere van onze onderverenigingen, geef dan ook aan in welke ondervereniging je ge\u00efnteresseerd bent! De jaarlijkse contributie voor een lidmaatschap bedraagt ongeveer 78 euro voor studenten en 156 euro voor niet-studenten.\r\n\r\nDit formulier is bedoeld om meer informatie op te vragen, als je al zeker weet dat je lid wil worden, vul dan het andere formulier in.<\/div><\/div><noscript class=\"wpforms-error-noscript\">Please enable JavaScript in your browser to complete this form.<\/noscript><div id=\"wpforms-error-noscript\" style=\"display: none;\">Please enable JavaScript in your browser to complete this form.<\/div><div class=\"wpforms-field-container\"><div id=\"wpforms-13537-field_1-container\" class=\"wpforms-field wpforms-field-name\" data-field-id=\"1\"><fieldset><legend class=\"wpforms-field-label\">Name <span class=\"wpforms-required-label\" aria-hidden=\"true\">*<\/span><\/legend><div class=\"wpforms-field-row wpforms-field-medium\"><div class=\"wpforms-field-row-block wpforms-first wpforms-one-half\"><input type=\"text\" id=\"wpforms-13537-field_1\" class=\"wpforms-field-name-first wpforms-field-required\" name=\"wpforms[fields][1][first]\" aria-errormessage=\"wpforms-13537-field_1-error\" required><label for=\"wpforms-13537-field_1\" class=\"wpforms-field-sublabel after\">First<\/label><\/div><div class=\"wpforms-field-row-block wpforms-one-half\"><input type=\"text\" id=\"wpforms-13537-field_1-last\" class=\"wpforms-field-name-last wpforms-field-required\" name=\"wpforms[fields][1][last]\" aria-errormessage=\"wpforms-13537-field_1-last-error\" required><label for=\"wpforms-13537-field_1-last\" class=\"wpforms-field-sublabel after\">Last<\/label><\/div><\/div><\/fieldset><\/div><div id=\"wpforms-13537-field_19-container\" class=\"wpforms-field wpforms-field-email\" data-field-id=\"19\"><label class=\"wpforms-field-label\" for=\"wpforms-13537-field_19\">Email  <span class=\"wpforms-required-label\" aria-hidden=\"true\">*<\/span><\/label><input type=\"email\" id=\"wpforms-13537-field_19\" class=\"wpforms-field-medium wpforms-field-required\" name=\"wpforms[fields][19]\" spellcheck=\"false\" aria-errormessage=\"wpforms-13537-field_19-error\" required><\/div><div id=\"wpforms-13537-field_25-container\" class=\"wpforms-field wpforms-field-checkbox\" data-field-id=\"25\"><fieldset><legend class=\"wpforms-field-label\">What are your intentions for filling in this form? <span class=\"wpforms-required-label\" aria-hidden=\"true\">*<\/span><\/legend><ul id=\"wpforms-13537-field_25\" class=\"wpforms-field-required\"><li class=\"choice-1 depth-1\"><input type=\"checkbox\" id=\"wpforms-13537-field_25_1\" name=\"wpforms[fields][25][]\" value=\"I am interested in Quadrivium and want to receive some more information\" aria-errormessage=\"wpforms-13537-field_25_1-error\" aria-describedby=\"wpforms-13537-field_25-description\" required ><label class=\"wpforms-field-label-inline\" for=\"wpforms-13537-field_25_1\">I am interested in Quadrivium and want to receive some more information<\/label><\/li><\/ul><div id=\"wpforms-13537-field_25-description\" class=\"wpforms-field-description\">Please fill in the other form if you want to become a member!<\/div><\/fieldset><\/div><div id=\"wpforms-13537-field_6-container\" class=\"wpforms-field wpforms-field-text\" data-field-id=\"6\"><label class=\"wpforms-field-label\" for=\"wpforms-13537-field_6\">Instrument(s) or voice <span class=\"wpforms-required-label\" aria-hidden=\"true\">*<\/span><\/label><input type=\"text\" id=\"wpforms-13537-field_6\" class=\"wpforms-field-medium wpforms-field-required\" name=\"wpforms[fields][6]\" aria-errormessage=\"wpforms-13537-field_6-error\" required><\/div><div id=\"wpforms-13537-field_10-container\" class=\"wpforms-field wpforms-field-radio\" data-field-id=\"10\"><fieldset><legend class=\"wpforms-field-label\">Preferred language <span class=\"wpforms-required-label\" aria-hidden=\"true\">*<\/span><\/legend><ul id=\"wpforms-13537-field_10\" class=\"wpforms-field-required\"><li class=\"choice-3 depth-1 wpforms-selected\"><input type=\"radio\" id=\"wpforms-13537-field_10_3\" name=\"wpforms[fields][10]\" value=\"Not set\" aria-errormessage=\"wpforms-13537-field_10_3-error\" required  checked='checked'><label class=\"wpforms-field-label-inline\" for=\"wpforms-13537-field_10_3\">Not set<\/label><\/li><li class=\"choice-1 depth-1\"><input type=\"radio\" id=\"wpforms-13537-field_10_1\" name=\"wpforms[fields][10]\" value=\"Dutch\" aria-errormessage=\"wpforms-13537-field_10_1-error\" required ><label class=\"wpforms-field-label-inline\" for=\"wpforms-13537-field_10_1\">Dutch<\/label><\/li><li class=\"choice-2 depth-1\"><input type=\"radio\" id=\"wpforms-13537-field_10_2\" name=\"wpforms[fields][10]\" value=\"English\" aria-errormessage=\"wpforms-13537-field_10_2-error\" required ><label class=\"wpforms-field-label-inline\" for=\"wpforms-13537-field_10_2\">English<\/label><\/li><\/ul><\/fieldset><\/div><div id=\"wpforms-13537-field_12-container\" class=\"wpforms-field wpforms-field-radio\" data-field-id=\"12\"><fieldset><legend class=\"wpforms-field-label\">Student <span class=\"wpforms-required-label\" aria-hidden=\"true\">*<\/span><\/legend><ul id=\"wpforms-13537-field_12\" class=\"wpforms-field-required\"><li class=\"choice-3 depth-1 wpforms-selected\"><input type=\"radio\" id=\"wpforms-13537-field_12_3\" name=\"wpforms[fields][12]\" value=\"Not set\" aria-errormessage=\"wpforms-13537-field_12_3-error\" aria-describedby=\"wpforms-13537-field_12-description\" required  checked='checked'><label class=\"wpforms-field-label-inline\" for=\"wpforms-13537-field_12_3\">Not set<\/label><\/li><li class=\"choice-4 depth-1\"><input type=\"radio\" id=\"wpforms-13537-field_12_4\" name=\"wpforms[fields][12]\" value=\"Yes\" aria-errormessage=\"wpforms-13537-field_12_4-error\" aria-describedby=\"wpforms-13537-field_12-description\" required ><label class=\"wpforms-field-label-inline\" for=\"wpforms-13537-field_12_4\">Yes<\/label><\/li><li class=\"choice-2 depth-1\"><input type=\"radio\" id=\"wpforms-13537-field_12_2\" name=\"wpforms[fields][12]\" value=\"No\" aria-errormessage=\"wpforms-13537-field_12_2-error\" aria-describedby=\"wpforms-13537-field_12-description\" required ><label class=\"wpforms-field-label-inline\" for=\"wpforms-13537-field_12_2\">No<\/label><\/li><\/ul><div id=\"wpforms-13537-field_12-description\" class=\"wpforms-field-description\">If you&#8217;re a student at any school or university, indicate yes.<\/div><\/fieldset><\/div><div id=\"wpforms-13537-field_16-container\" class=\"wpforms-field wpforms-field-checkbox\" data-field-id=\"16\"><fieldset><legend class=\"wpforms-field-label\">Sub-association<\/legend><ul id=\"wpforms-13537-field_16\"><li class=\"choice-1 depth-1\"><input type=\"checkbox\" id=\"wpforms-13537-field_16_1\" name=\"wpforms[fields][16][]\" value=\"Vokollage \u2013 choir\" aria-errormessage=\"wpforms-13537-field_16_1-error\" aria-describedby=\"wpforms-13537-field_16-description\"  ><label class=\"wpforms-field-label-inline\" for=\"wpforms-13537-field_16_1\">Vokollage \u2013 choir<\/label><\/li><li class=\"choice-2 depth-1\"><input type=\"checkbox\" id=\"wpforms-13537-field_16_2\" name=\"wpforms[fields][16][]\" value=\"Ensuite \u2013 symphony orchestra\" aria-errormessage=\"wpforms-13537-field_16_2-error\" aria-describedby=\"wpforms-13537-field_16-description\"  ><label class=\"wpforms-field-label-inline\" for=\"wpforms-13537-field_16_2\">Ensuite \u2013 symphony orchestra<\/label><\/li><li class=\"choice-3 depth-1\"><input type=\"checkbox\" id=\"wpforms-13537-field_16_3\" name=\"wpforms[fields][16][]\" value=\"Auletes \u2013 wind orchestra\" aria-errormessage=\"wpforms-13537-field_16_3-error\" aria-describedby=\"wpforms-13537-field_16-description\"  ><label class=\"wpforms-field-label-inline\" for=\"wpforms-13537-field_16_3\">Auletes \u2013 wind orchestra<\/label><\/li><li class=\"choice-4 depth-1\"><input type=\"checkbox\" id=\"wpforms-13537-field_16_4\" name=\"wpforms[fields][16][]\" value=\"Piano member \u2013 join association-wide activities and use our rehearsal rooms\" aria-errormessage=\"wpforms-13537-field_16_4-error\" aria-describedby=\"wpforms-13537-field_16-description\"  ><label class=\"wpforms-field-label-inline\" for=\"wpforms-13537-field_16_4\">Piano member \u2013 join association-wide activities and use our rehearsal rooms<\/label><\/li><\/ul><div id=\"wpforms-13537-field_16-description\" class=\"wpforms-field-description\">Which sub-associations are you interested in? If you are not interested in the orchestra and choir, select piano member. Leave empty if you are not (yet) sure.\n<\/div><\/fieldset><\/div><div id=\"wpforms-13537-field_17-container\" class=\"wpforms-field wpforms-field-textarea\" data-field-id=\"17\"><label class=\"wpforms-field-label\" for=\"wpforms-13537-field_17\">Remarks<\/label><textarea id=\"wpforms-13537-field_17\" class=\"wpforms-field-medium\" name=\"wpforms[fields][17]\" aria-errormessage=\"wpforms-13537-field_17-error\" ><\/textarea><\/div><\/div><!-- .wpforms-field-container --><div class=\"wpforms-submit-container\" ><input type=\"hidden\" name=\"wpforms[id]\" value=\"13537\"><input type=\"hidden\" name=\"page_title\" value=\"\"><input type=\"hidden\" name=\"page_url\" value=\"https:\/\/www.esmgquadrivium.nl\/en\/wp-json\/wp\/v2\/pages\/13557\"><input type=\"hidden\" name=\"url_referer\" value=\"\"><button type=\"submit\" name=\"wpforms[submit]\" id=\"wpforms-submit-13537\" class=\"wpforms-submit umami--click--member-form-submit\" data-alt-text=\"Sending...\" data-submit-text=\"Submit\" aria-live=\"assertive\" value=\"wpforms-submit\">Submit<\/button><img loading=\"lazy\" decoding=\"async\" src=\"https:\/\/www.esmgquadrivium.nl\/wp-content\/plugins\/wpforms-lite\/assets\/images\/submit-spin.svg\" class=\"wpforms-submit-spinner\" style=\"display: none;\" width=\"26\" height=\"26\" alt=\"Loading\"><\/div><\/form><\/div>  <!-- .wpforms-container -->\n\n\n<div class=\"wp-block-buttons is-layout-flex wp-block-buttons-is-layout-flex\"><\/div>\n","protected":false},"excerpt":{"rendered":"","protected":false},"author":20,"featured_media":0,"parent":0,"menu_order":0,"comment_status":"closed","ping_status":"closed","template":"","meta":{"_acf_changed":false,"footnotes":""},"class_list":["post-13557","page","type-page","status-publish","hentry"],"acf":[],"mb":[],"mfb_rest_fields":["title"],"_links":{"self":[{"href":"https:\/\/www.esmgquadrivium.nl\/en\/wp-json\/wp\/v2\/pages\/13557","targetHints":{"allow":["GET"]}}],"collection":[{"href":"https:\/\/www.esmgquadrivium.nl\/en\/wp-json\/wp\/v2\/pages"}],"about":[{"href":"https:\/\/www.esmgquadrivium.nl\/en\/wp-json\/wp\/v2\/types\/page"}],"author":[{"embeddable":true,"href":"https:\/\/www.esmgquadrivium.nl\/en\/wp-json\/wp\/v2\/users\/20"}],"replies":[{"embeddable":true,"href":"https:\/\/www.esmgquadrivium.nl\/en\/wp-json\/wp\/v2\/comments?post=13557"}],"version-history":[{"count":5,"href":"https:\/\/www.esmgquadrivium.nl\/en\/wp-json\/wp\/v2\/pages\/13557\/revisions"}],"predecessor-version":[{"id":13585,"href":"https:\/\/www.esmgquadrivium.nl\/en\/wp-json\/wp\/v2\/pages\/13557\/revisions\/13585"}],"wp:attachment":[{"href":"https:\/\/www.esmgquadrivium.nl\/en\/wp-json\/wp\/v2\/media?parent=13557"}],"curies":[{"name":"wp","href":"https:\/\/api.w.org\/{rel}","templated":true}]}}